{"id":991,"date":"2019-06-09T17:01:03","date_gmt":"2019-06-09T17:01:03","guid":{"rendered":"http:\/\/blacksilver-venus.imaginem.co\/?page_id=991"},"modified":"2022-06-28T14:09:37","modified_gmt":"2022-06-28T14:09:37","slug":"blog","status":"publish","type":"page","link":"https:\/\/whatafotografia.com\/?page_id=991","title":{"rendered":"Blog"},"content":{"rendered":"\t\t<div data-elementor-type=\"wp-post\" data-elementor-id=\"991\" class=\"elementor elementor-991\" data-elementor-post-type=\"page\">\n\t\t\t\t\t\t<section class=\"elementor-section elementor-top-section elementor-element elementor-element-75143d8 elementor-section-boxed elementor-section-height-default elementor-section-height-default\" data-id=\"75143d8\" data-element_type=\"section\" data-e-type=\"section\">\n\t\t\t\t\t\t<div class=\"elementor-container elementor-column-gap-default\">\n\t\t\t\t\t<div class=\"elementor-column elementor-col-100 elementor-top-column elementor-element elementor-element-4f83eaa\" data-id=\"4f83eaa\" data-element_type=\"column\" data-e-type=\"column\">\n\t\t\t<div class=\"elementor-widget-wrap elementor-element-populated\">\n\t\t\t\t\t\t<div class=\"elementor-element elementor-element-fd52adb section-align-center section-size-large subtitle-style-default elementor-widget elementor-widget-section-heading\" data-id=\"fd52adb\" data-element_type=\"widget\" data-e-type=\"widget\" data-widget_type=\"section-heading.default\">\n\t\t\t\t<div class=\"elementor-widget-container\">\n\t\t\t\t\t<div class=\"section-heading headingstyle-subtitle\"><div class=\"section-title-wrapper\"><h2 class=\"entry-title section-title\">Blog<\/h2><\/div><div class=\"section-description clearfix\"><div class=\"section-description-inner\"><p>Bienvenido a mi mundo, aqu\u00ed podr\u00e1s ver y formar parte de las aventuras fotogr\u00e1ficas que tenemos d\u00eda a d\u00eda. Si quieres ver qu\u00e9 hay detr\u00e1s de cada foto, si\u00e9ntate y disfruta de cada una de las entradas del Blog.<\/p>\n<\/div><\/div><\/div>\t\t\t\t<\/div>\n\t\t\t\t<\/div>\n\t\t\t\t\t<\/div>\n\t\t<\/div>\n\t\t\t\t\t<\/div>\n\t\t<\/section>\n\t\t\t\t<section class=\"elementor-section elementor-top-section elementor-element elementor-element-da2eb9b elementor-section-boxed elementor-section-height-default elementor-section-height-default\" data-id=\"da2eb9b\" data-element_type=\"section\" data-e-type=\"section\">\n\t\t\t\t\t\t<div class=\"elementor-container elementor-column-gap-default\">\n\t\t\t\t\t<div class=\"elementor-column elementor-col-66 elementor-top-column elementor-element elementor-element-0cd85fa\" data-id=\"0cd85fa\" data-element_type=\"column\" data-e-type=\"column\">\n\t\t\t<div class=\"elementor-widget-wrap elementor-element-populated\">\n\t\t\t\t\t\t<div class=\"elementor-element elementor-element-b989717 elementor-widget elementor-widget-blog-grid\" data-id=\"b989717\" data-element_type=\"widget\" data-e-type=\"widget\" data-widget_type=\"blog-grid.default\">\n\t\t\t\t<div class=\"elementor-widget-container\">\n\t\t\t\t\t<div class=\"portfolio-grid-container portfolio-gridblock-columns-wrap grid-has-blog\"><div id=\"gridblock-container\" class=\"portfolio-gutter-spaced   relayout-on-image-load boxtitle-active has-effect-zoom grid-style-wall-spaced gridblock-one clearfix\" data-columns=\"1\"><div class=\"gridblock-element grid-animate-display-all isotope-displayed gridblock-element-id-1622 gridblock-element-order-1  gridblock-filterable \" data-portfolio=\"portfolio-1622\" data-id=\"id-2\"><div class=\"gridblock-grid-element gridblock-element-inner\" data-portfolioid=\"1622\"><div class=\"gridblock-background-hover\"><a class=\"gridblock-sole-link\" href=\"https:\/\/whatafotografia.com\/?p=1622\"><div class=\"gridblock-links-wrap box-title-box-directlink\"><\/div><div class=\"boxtitle-hover\"><div class=\"work-details\"><h4>BLOG \u2013 Un amanecer de Globos<\/h4><p class=\"entry-content work-description\">Un amanecer de Globos agosto 9, 2021 \u00bfC\u00f3mo empiezan las grandes aventuras? WHATA \u2013 Vas a querer salir el finde?XOVI \u2013 Domingo a los...<\/p><\/div><\/div><\/a><\/div><img decoding=\"async\" src=\"https:\/\/whatafotografia.com\/wp-content\/themes\/blacksilver\/images\/placeholders\/placeholder-770x550.gif\" data-src=\"https:\/\/whatafotografia.com\/wp-content\/uploads\/2021\/08\/A2A3858-1400x933.jpg\" alt=\"\" class=\"displayed-image lazyload\"\/><\/div><\/div><div class=\"gridblock-element grid-animate-display-all isotope-displayed gridblock-element-id-1509 gridblock-element-order-2  gridblock-filterable \" data-portfolio=\"portfolio-1509\" data-id=\"id-3\"><div class=\"gridblock-grid-element gridblock-element-inner\" data-portfolioid=\"1509\"><div class=\"gridblock-background-hover\"><a class=\"gridblock-sole-link\" href=\"https:\/\/whatafotografia.com\/?p=1509\"><div class=\"gridblock-links-wrap box-title-box-directlink\"><\/div><div class=\"boxtitle-hover\"><div class=\"work-details\"><h4>SESI\u00d3N \u2013 Stranger Things<\/h4><p class=\"entry-content work-description\">Sesi\u00f3n \u2013 Stranger Things noviembre 21, 2020 SESI\u00d3N NOCTURNA \u2013 STRANGER THINGS 26\/08\/2020 Un d\u00eda de esos en los que Xovi te dice \u00ab\u00bfQu\u00e9...<\/p><\/div><\/div><\/a><\/div><img decoding=\"async\" src=\"https:\/\/whatafotografia.com\/wp-content\/themes\/blacksilver\/images\/placeholders\/placeholder-770x550.gif\" data-src=\"https:\/\/whatafotografia.com\/wp-content\/uploads\/2020\/10\/Stranger-Things-2.jpg\" alt=\"\" class=\"displayed-image lazyload\"\/><\/div><\/div><div class=\"gridblock-element grid-animate-display-all isotope-displayed gridblock-element-id-933 gridblock-element-order-3  gridblock-filterable \" data-portfolio=\"portfolio-933\" data-id=\"id-4\"><div class=\"gridblock-grid-element gridblock-element-inner\" data-portfolioid=\"933\"><div class=\"gridblock-background-hover\"><a class=\"gridblock-sole-link\" href=\"https:\/\/whatafotografia.com\/?p=933\"><div class=\"gridblock-links-wrap box-title-box-directlink\"><\/div><div class=\"boxtitle-hover\"><div class=\"work-details\"><h4>BLOG \u2013 Luna llena en la cruz de Vegas del Condado<\/h4><p class=\"entry-content work-description\">Luna llena en la cruz de Vegas del Condado septiembre 6, 2020 LUNA LLENA DETR\u00c1S DE LA CRUZ DE VEGAS DEL CONDADO Primera parte...<\/p><\/div><\/div><\/a><\/div><img decoding=\"async\" src=\"https:\/\/whatafotografia.com\/wp-content\/themes\/blacksilver\/images\/placeholders\/placeholder-770x550.gif\" data-src=\"https:\/\/whatafotografia.com\/wp-content\/uploads\/2020\/09\/VaciNombre_4.jpg\" alt=\"\" class=\"displayed-image lazyload\"\/><\/div><\/div><\/div><\/div>\t\t\t\t<\/div>\n\t\t\t\t<\/div>\n\t\t\t\t\t<\/div>\n\t\t<\/div>\n\t\t\t\t<div class=\"elementor-column elementor-col-33 elementor-top-column elementor-element elementor-element-15bacf8\" data-id=\"15bacf8\" data-element_type=\"column\" data-e-type=\"column\">\n\t\t\t<div class=\"elementor-widget-wrap elementor-element-populated\">\n\t\t\t\t\t\t<div class=\"elementor-element elementor-element-35dbe29 elementor-search-form--skin-minimal elementor-widget elementor-widget-search-form\" data-id=\"35dbe29\" data-element_type=\"widget\" data-e-type=\"widget\" data-settings=\"{&quot;skin&quot;:&quot;minimal&quot;}\" data-widget_type=\"search-form.default\">\n\t\t\t\t<div class=\"elementor-widget-container\">\n\t\t\t\t\t\t\t<search role=\"search\">\n\t\t\t<form class=\"elementor-search-form\" action=\"https:\/\/whatafotografia.com\" method=\"get\">\n\t\t\t\t\t\t\t\t\t\t\t\t<div class=\"elementor-search-form__container\">\n\t\t\t\t\t<label class=\"elementor-screen-only\" for=\"elementor-search-form-35dbe29\">Search<\/label>\n\n\t\t\t\t\t\t\t\t\t\t\t<div class=\"elementor-search-form__icon\">\n\t\t\t\t\t\t\t<i aria-hidden=\"true\" class=\"fas fa-search\"><\/i>\t\t\t\t\t\t\t<span class=\"elementor-screen-only\">Search<\/span>\n\t\t\t\t\t\t<\/div>\n\t\t\t\t\t\n\t\t\t\t\t<input id=\"elementor-search-form-35dbe29\" placeholder=\"Buscar...\" class=\"elementor-search-form__input\" type=\"search\" name=\"s\" value=\"\">\n\t\t\t\t\t\n\t\t\t\t\t\n\t\t\t\t\t\t\t\t\t<\/div>\n\t\t\t<\/form>\n\t\t<\/search>\n\t\t\t\t\t\t<\/div>\n\t\t\t\t<\/div>\n\t\t\t\t<div class=\"elementor-element elementor-element-af130a5 elementor-widget elementor-widget-wp-widget-recent_posts\" data-id=\"af130a5\" data-element_type=\"widget\" data-e-type=\"widget\" data-widget_type=\"wp-widget-recent_posts.default\">\n\t\t\t\t<div class=\"elementor-widget-container\">\n\t\t\t\t\t\t\t\t\t<h5>Blogs Recientes<\/h5>\t\t<ul id=\"recentposts_list\">\n\t\t\t<li>\n\t\t\t\t<a class=\"recent_thumbnail\" href=\"https:\/\/whatafotografia.com\/?p=1622\" title=\"BLOG \u2013 Un amanecer de Globos\">\n\t\t<img class=\"lazyload\" data-src=\"https:\/\/whatafotografia.com\/wp-content\/uploads\/2021\/08\/A2A3858-160x160.jpg\" alt=\"BLOG \u2013 Un amanecer de Globos\" \/>\t\t\t\t<\/a>\n\t\t\t\t<div class=\"recentpost_info\">\n\t\t\t\t\t<a class=\"recentpost_title\" href=\"https:\/\/whatafotografia.com\/?p=1622\" rel=\"bookmark\" title=\"BLOG \u2013 Un amanecer de Globos\">BLOG \u2013 Un amanecer de Globos<\/a>\n\n\t\t\t\t\t<p>Un amanecer de Globos agosto 9, 2021 \u00bfC\u00f3mo empiezan las grandes aventuras? WHATA..<\/p>\n\n\t\t\t\t<\/div>\n\t\t\t\t<div class=\"clear\"><\/div>\n\t\t\t<\/li>\n\t\t\t<li>\n\t\t\t\t<a class=\"recent_thumbnail\" href=\"https:\/\/whatafotografia.com\/?p=1509\" title=\"SESI\u00d3N \u2013 Stranger Things\">\n\t\t<img class=\"lazyload\" data-src=\"https:\/\/whatafotografia.com\/wp-content\/uploads\/2020\/10\/Stranger-Things-2-160x160.jpg\" alt=\"SESI\u00d3N \u2013 Stranger Things\" \/>\t\t\t\t<\/a>\n\t\t\t\t<div class=\"recentpost_info\">\n\t\t\t\t\t<a class=\"recentpost_title\" href=\"https:\/\/whatafotografia.com\/?p=1509\" rel=\"bookmark\" title=\"SESI\u00d3N \u2013 Stranger Things\">SESI\u00d3N \u2013 Stranger Things<\/a>\n\n\t\t\t\t\t<p>Sesi\u00f3n \u2013 Stranger Things noviembre 21, 2020 SESI\u00d3N NOCTURNA \u2013 STRANGER THINGS 26..<\/p>\n\n\t\t\t\t<\/div>\n\t\t\t\t<div class=\"clear\"><\/div>\n\t\t\t<\/li>\n\t\t\t<li>\n\t\t\t\t<a class=\"recent_thumbnail\" href=\"https:\/\/whatafotografia.com\/?p=933\" title=\"BLOG \u2013 Luna llena en la cruz de Vegas del Condado\">\n\t\t<img class=\"lazyload\" data-src=\"https:\/\/whatafotografia.com\/wp-content\/uploads\/2020\/09\/VaciNombre_4-160x160.jpg\" alt=\"BLOG \u2013 Luna llena en la cruz de Vegas del Condado\" \/>\t\t\t\t<\/a>\n\t\t\t\t<div class=\"recentpost_info\">\n\t\t\t\t\t<a class=\"recentpost_title\" href=\"https:\/\/whatafotografia.com\/?p=933\" rel=\"bookmark\" title=\"BLOG \u2013 Luna llena en la cruz de Vegas del Condado\">BLOG \u2013 Luna llena en la cruz de Vegas del Condado<\/a>\n\n\t\t\t\t\t<p>Luna llena en la cruz de Vegas del Condado septiembre 6, 2020 LUNA LLENA DETR\u00c1S..<\/p>\n\n\t\t\t\t<\/div>\n\t\t\t\t<div class=\"clear\"><\/div>\n\t\t\t<\/li>\n\t\t<\/ul>\n\t\t\t\t\t\t<\/div>\n\t\t\t\t<\/div>\n\t\t\t\t<div class=\"elementor-element elementor-element-ff8ad43 elementor-widget elementor-widget-wp-widget-recent_posts\" data-id=\"ff8ad43\" data-element_type=\"widget\" data-e-type=\"widget\" data-widget_type=\"wp-widget-recent_posts.default\">\n\t\t\t\t<div class=\"elementor-widget-container\">\n\t\t\t\t\t\t\t\t\t<h5>Blogs Recientes<\/h5>\t\t<ul id=\"recentposts_list\">\n\t\t\t<li>\n\t\t\t\t<a class=\"recent_thumbnail\" href=\"https:\/\/whatafotografia.com\/?p=1622\" title=\"BLOG \u2013 Un amanecer de Globos\">\n\t\t<img class=\"lazyload\" data-src=\"https:\/\/whatafotografia.com\/wp-content\/uploads\/2021\/08\/A2A3858-160x160.jpg\" alt=\"BLOG \u2013 Un amanecer de Globos\" \/>\t\t\t\t<\/a>\n\t\t\t\t<div class=\"recentpost_info\">\n\t\t\t\t\t<a class=\"recentpost_title\" href=\"https:\/\/whatafotografia.com\/?p=1622\" rel=\"bookmark\" title=\"BLOG \u2013 Un amanecer de Globos\">BLOG \u2013 Un amanecer de Globos<\/a>\n\n\t\t\t\t\t<p>Un amanecer de Globos agosto 9, 2021 \u00bfC\u00f3mo empiezan las grandes aventuras? WHATA..<\/p>\n\n\t\t\t\t<\/div>\n\t\t\t\t<div class=\"clear\"><\/div>\n\t\t\t<\/li>\n\t\t\t<li>\n\t\t\t\t<a class=\"recent_thumbnail\" href=\"https:\/\/whatafotografia.com\/?p=1509\" title=\"SESI\u00d3N \u2013 Stranger Things\">\n\t\t<img class=\"lazyload\" data-src=\"https:\/\/whatafotografia.com\/wp-content\/uploads\/2020\/10\/Stranger-Things-2-160x160.jpg\" alt=\"SESI\u00d3N \u2013 Stranger Things\" \/>\t\t\t\t<\/a>\n\t\t\t\t<div class=\"recentpost_info\">\n\t\t\t\t\t<a class=\"recentpost_title\" href=\"https:\/\/whatafotografia.com\/?p=1509\" rel=\"bookmark\" title=\"SESI\u00d3N \u2013 Stranger Things\">SESI\u00d3N \u2013 Stranger Things<\/a>\n\n\t\t\t\t\t<p>Sesi\u00f3n \u2013 Stranger Things noviembre 21, 2020 SESI\u00d3N NOCTURNA \u2013 STRANGER THINGS 26..<\/p>\n\n\t\t\t\t<\/div>\n\t\t\t\t<div class=\"clear\"><\/div>\n\t\t\t<\/li>\n\t\t\t<li>\n\t\t\t\t<a class=\"recent_thumbnail\" href=\"https:\/\/whatafotografia.com\/?p=933\" title=\"BLOG \u2013 Luna llena en la cruz de Vegas del Condado\">\n\t\t<img class=\"lazyload\" data-src=\"https:\/\/whatafotografia.com\/wp-content\/uploads\/2020\/09\/VaciNombre_4-160x160.jpg\" alt=\"BLOG \u2013 Luna llena en la cruz de Vegas del Condado\" \/>\t\t\t\t<\/a>\n\t\t\t\t<div class=\"recentpost_info\">\n\t\t\t\t\t<a class=\"recentpost_title\" href=\"https:\/\/whatafotografia.com\/?p=933\" rel=\"bookmark\" title=\"BLOG \u2013 Luna llena en la cruz de Vegas del Condado\">BLOG \u2013 Luna llena en la cruz de Vegas del Condado<\/a>\n\n\t\t\t\t\t<p>Luna llena en la cruz de Vegas del Condado septiembre 6, 2020 LUNA LLENA DETR\u00c1S..<\/p>\n\n\t\t\t\t<\/div>\n\t\t\t\t<div class=\"clear\"><\/div>\n\t\t\t<\/li>\n\t\t<\/ul>\n\t\t\t\t\t\t<\/div>\n\t\t\t\t<\/div>\n\t\t\t\t\t<\/div>\n\t\t<\/div>\n\t\t\t\t\t<\/div>\n\t\t<\/section>\n\t\t\t\t<\/div>\n\t\t","protected":false},"excerpt":{"rendered":"<p>Blog Bienvenido a mi mundo, aqu\u00ed podr\u00e1s ver y formar parte de las aventuras fotogr\u00e1ficas que tenemos d\u00eda a d\u00eda. Si quieres ver qu\u00e9 hay detr\u00e1s de cada foto, si\u00e9ntate y disfruta de cada una de las entradas del Blog. BLOG \u2013 Un amanecer de Globos Un amanecer de Globos agosto 9, 2021 \u00bfC\u00f3mo empiezan las grandes aventuras? WHATA \u2013 Vas a querer salir el finde?XOVI \u2013 Domingo a los\u2026 SESI\u00d3N \u2013 Stranger Things Sesi\u00f3n \u2013 Stranger Things noviembre 21, [&hellip;]<\/p>\n","protected":false},"author":1,"featured_media":0,"parent":0,"menu_order":0,"comment_status":"closed","ping_status":"closed","template":"","meta":{"footnotes":""},"class_list":["post-991","page","type-page","status-publish","hentry"],"_links":{"self":[{"href":"https:\/\/whatafotografia.com\/index.php?rest_route=\/wp\/v2\/pages\/991","targetHints":{"allow":["GET"]}}],"collection":[{"href":"https:\/\/whatafotografia.com\/index.php?rest_route=\/wp\/v2\/pages"}],"about":[{"href":"https:\/\/whatafotografia.com\/index.php?rest_route=\/wp\/v2\/types\/page"}],"author":[{"embeddable":true,"href":"https:\/\/whatafotografia.com\/index.php?rest_route=\/wp\/v2\/users\/1"}],"replies":[{"embeddable":true,"href":"https:\/\/whatafotografia.com\/index.php?rest_route=%2Fwp%2Fv2%2Fcomments&post=991"}],"version-history":[{"count":37,"href":"https:\/\/whatafotografia.com\/index.php?rest_route=\/wp\/v2\/pages\/991\/revisions"}],"predecessor-version":[{"id":2044,"href":"https:\/\/whatafotografia.com\/index.php?rest_route=\/wp\/v2\/pages\/991\/revisions\/2044"}],"wp:attachment":[{"href":"https:\/\/whatafotografia.com\/index.php?rest_route=%2Fwp%2Fv2%2Fmedia&parent=991"}],"curies":[{"name":"wp","href":"https:\/\/api.w.org\/{rel}","templated":true}]}}