{"id":2234,"date":"2022-10-23T11:26:05","date_gmt":"2022-10-23T11:26:05","guid":{"rendered":"https:\/\/whatafotografia.com\/?page_id=2234"},"modified":"2022-10-23T11:28:06","modified_gmt":"2022-10-23T11:28:06","slug":"kmfel2022-infantil","status":"publish","type":"page","link":"https:\/\/whatafotografia.com\/?page_id=2234","title":{"rendered":"Seminario FEL 2022 &#8211; INFANTIL"},"content":{"rendered":"\n<div class=\"wp-block-group has-small-font-size\"><div class=\"wp-block-group__inner-container is-layout-flow wp-block-group-is-layout-flow\">\n<div class=\"wp-block-countdown-block-countdown\"><div class=\"eb-parent-wrapper eb-parent-eb-countdown-bt7befw eb_animation eb___animated eb___flash\"><div class=\"eb-countdown-bt7befw eb-cd-wrapper\"><div class=\"eb-cd-inner\" data-deadline-time=\"1667257140000\"><div class=\"box cd-box-day\"><span class=\"eb-cd-digit\">00<\/span><span class=\"eb-cd-label\">Dias<\/span><\/div><div class=\"box cd-box-hour\"><span class=\"eb-cd-digit\">00<\/span><span class=\"eb-cd-label\">Horas<\/span><\/div><div class=\"box cd-box-minute\"><span class=\"eb-cd-digit\">00<\/span><span class=\"eb-cd-label\">Minutos<\/span><\/div><div class=\"box cd-box-second\"><span class=\"eb-cd-digit\">00<\/span><span class=\"eb-cd-label\">Segundos<\/span><\/div><\/div><\/div><\/div><\/div>\n<\/div><\/div>\n\n\n<div class=\"sdm_download_item \"><div class=\"sdm_download_item_top\"><div class=\"sdm_download_thumbnail\"><\/div><div class=\"sdm_download_title\">Protegido: Fotograf\u00edas INFANTIL &#8211; Seminario FEL Espa\u00f1a 2022<\/div><\/div><div style=\"clear:both;\"><\/div><div class=\"sdm_download_description\"><p style=\"text-align: left\"><img fetchpriority=\"high\" decoding=\"async\" class=\"size-medium wp-image-2143 alignleft\" src=\"https:\/\/whatafotografia.com\/wp-content\/uploads\/2022\/10\/Cartel-2022-reducido-206x300.webp\" alt=\"\" width=\"206\" height=\"300\" srcset=\"https:\/\/whatafotografia.com\/wp-content\/uploads\/2022\/10\/Cartel-2022-reducido-206x300.webp 206w, https:\/\/whatafotografia.com\/wp-content\/uploads\/2022\/10\/Cartel-2022-reducido.webp 344w\" sizes=\"(max-width: 206px) 100vw, 206px\" \/>Descarga las fotograf\u00edas realizadas en el pasado evento de Krav Mag\u00e1 FEL Espa\u00f1a 2022. Fotograf\u00edas realizadas el <strong>s\u00e1bado 8<\/strong>\u00a0de <strong>10h a 14h<\/strong> y de <strong>16h a 19h<\/strong>.<\/p>\n<p style=\"text-align: left\">El evento es organizado por\u00a0<strong>Krav Mag\u00e1 FEL Espa\u00f1a<\/strong>\u00a0y avalado por la\u00a0<strong>Federaci\u00f3n Espa\u00f1ola de Lucha<\/strong>.<\/p>\n<\/div><div class=\"sdm_download_link\"><span class=\"sdm_download_button\"><span class=\"sdm_enter_password_label_text\">Introduce la contrase\u00f1a para descargar:<\/span><form action=\"https:\/\/whatafotografia.com\/?sdm_process_download=1&#038;download_id=2200\" method=\"post\" id=\"sdm-pass-69eb77560b912\" class=\"sdm-download-form\"><input type=\"password\" name=\"pass_text\" class=\"sdm_pass_text\" value=\"\" \/> <span class=\"sdm-download-button\"><a href=\"#\" name=\"sdm_dl_pass_submit\" class=\"pass_sumbit sdm_pass_protected_download sdm_download_with_condition sdm_download green\">\u00a1Descarga ahora!<\/a><\/span><input type=\"hidden\" name=\"download_id\" value=\"2200\" \/><\/form><\/span><\/div><\/div><div class=\"sdm_clear_float\"><\/div>\n\n\n<h2 class=\"wp-block-heading\">V\u00eddeo de seminario FEL Espa\u00f1a 2019<\/h2>\n\n\n\n<figure class=\"wp-block-embed is-type-video is-provider-youtube wp-block-embed-youtube wp-embed-aspect-16-9 wp-has-aspect-ratio\"><div class=\"wp-block-embed__wrapper\">\n<iframe title=\"KRAV MAGA FEL ESPA\u00d1A | Seminario Nacional 2019\" width=\"960\" height=\"540\" src=\"https:\/\/www.youtube.com\/embed\/gFsPJcKKzwI?feature=oembed&#038;enablejsapi=1&#038;origin=https:\/\/whatafotografia.com\" frameborder=\"0\" allow=\"accelerometer; autoplay; clipboard-write; encrypted-media; gyroscope; picture-in-picture\" allowfullscreen><\/iframe>\n<\/div><\/figure>\n","protected":false},"excerpt":{"rendered":"<p>V\u00eddeo de seminario FEL Espa\u00f1a 2019<\/p>\n","protected":false},"author":1,"featured_media":0,"parent":0,"menu_order":0,"comment_status":"closed","ping_status":"closed","template":"","meta":{"footnotes":""},"class_list":["post-2234","page","type-page","status-publish","hentry"],"_links":{"self":[{"href":"https:\/\/whatafotografia.com\/index.php?rest_route=\/wp\/v2\/pages\/2234","targetHints":{"allow":["GET"]}}],"collection":[{"href":"https:\/\/whatafotografia.com\/index.php?rest_route=\/wp\/v2\/pages"}],"about":[{"href":"https:\/\/whatafotografia.com\/index.php?rest_route=\/wp\/v2\/types\/page"}],"author":[{"embeddable":true,"href":"https:\/\/whatafotografia.com\/index.php?rest_route=\/wp\/v2\/users\/1"}],"replies":[{"embeddable":true,"href":"https:\/\/whatafotografia.com\/index.php?rest_route=%2Fwp%2Fv2%2Fcomments&post=2234"}],"version-history":[{"count":3,"href":"https:\/\/whatafotografia.com\/index.php?rest_route=\/wp\/v2\/pages\/2234\/revisions"}],"predecessor-version":[{"id":2240,"href":"https:\/\/whatafotografia.com\/index.php?rest_route=\/wp\/v2\/pages\/2234\/revisions\/2240"}],"wp:attachment":[{"href":"https:\/\/whatafotografia.com\/index.php?rest_route=%2Fwp%2Fv2%2Fmedia&parent=2234"}],"curies":[{"name":"wp","href":"https:\/\/api.w.org\/{rel}","templated":true}]}}