{"id":2130,"date":"2021-10-03T10:41:43","date_gmt":"2021-10-03T10:41:43","guid":{"rendered":"https:\/\/whatafotografia.com\/?page_id=2130"},"modified":"2022-10-03T10:48:38","modified_gmt":"2022-10-03T10:48:38","slug":"conciertos","status":"publish","type":"page","link":"https:\/\/whatafotografia.com\/?page_id=2130","title":{"rendered":"Conciertos"},"content":{"rendered":"\t\t<div data-elementor-type=\"wp-post\" data-elementor-id=\"2130\" class=\"elementor elementor-2130\" data-elementor-post-type=\"page\">\n\t\t\t\t\t\t<section class=\"elementor-section elementor-top-section elementor-element elementor-element-cb91c25 elementor-section-full_width elementor-section-height-default elementor-section-height-default\" data-id=\"cb91c25\" data-element_type=\"section\" data-e-type=\"section\">\n\t\t\t\t\t\t<div class=\"elementor-container elementor-column-gap-default\">\n\t\t\t\t\t<div class=\"elementor-column elementor-col-100 elementor-top-column elementor-element elementor-element-6eba3a7\" data-id=\"6eba3a7\" data-element_type=\"column\" data-e-type=\"column\">\n\t\t\t<div class=\"elementor-widget-wrap elementor-element-populated\">\n\t\t\t\t\t\t<div class=\"elementor-element elementor-element-566678e elementor-widget elementor-widget-split-headlines\" data-id=\"566678e\" data-element_type=\"widget\" data-e-type=\"widget\" data-widget_type=\"split-headlines.default\">\n\t\t\t\t<div class=\"elementor-widget-container\">\n\t\t\t\t\t<div class=\"multi-headlines-outer\"><div class=\"multi-headlines-wrap\"><div class=\"multi-headlines\"><h2 style=\"text-align: left;\">Fotograf\u00eda de Conciertos<\/h2> <\/div><\/div><\/div>\t\t\t\t<\/div>\n\t\t\t\t<\/div>\n\t\t\t\t<div class=\"elementor-element elementor-element-ab26c9a elementor-widget__width-initial elementor-widget elementor-widget-text-editor\" data-id=\"ab26c9a\" data-element_type=\"widget\" data-e-type=\"widget\" data-widget_type=\"text-editor.default\">\n\t\t\t\t<div class=\"elementor-widget-container\">\n\t\t\t\t\t\t\t\t\t<p>Esta es otra de las disciplinas pendientes en mi agenda. He intentado adentrarme en ella, pero resulta bastante complicado en algunos casos acceder a recintos con una c\u00e1mara profesional, por lo que me he tenido que limitar a conciertos gratuitos o con autorizaci\u00f3n de la organizaci\u00f3n.<\/p><p>Sin duda junta dos de mis pasiones, la fotograf\u00eda y la m\u00fasica.<\/p><blockquote><p><strong>\u201cEl fot\u00f3grafo no puede ser un espectador pasivo, no puede ser realmente l\u00facido si no est\u00e1 implicado en el acontecimiento\u201d.<span class=\"Apple-converted-space\">\u00a0\u00a0<\/span>Henri Cartier-Bresson<\/strong><\/p><\/blockquote>\t\t\t\t\t\t\t\t<\/div>\n\t\t\t\t<\/div>\n\t\t\t\t\t<\/div>\n\t\t<\/div>\n\t\t\t\t\t<\/div>\n\t\t<\/section>\n\t\t\t\t<section class=\"elementor-section elementor-top-section elementor-element elementor-element-a54d6d5 elementor-section-boxed elementor-section-height-default elementor-section-height-default\" data-id=\"a54d6d5\" data-element_type=\"section\" data-e-type=\"section\">\n\t\t\t\t\t\t<div class=\"elementor-container elementor-column-gap-default\">\n\t\t\t\t\t<div class=\"elementor-column elementor-col-100 elementor-top-column elementor-element elementor-element-23fc945\" data-id=\"23fc945\" data-element_type=\"column\" data-e-type=\"column\">\n\t\t\t<div class=\"elementor-widget-wrap elementor-element-populated\">\n\t\t\t\t\t\t<div class=\"elementor-element elementor-element-5a5bdef elementor-position-top elementor-widget elementor-widget-image-box\" data-id=\"5a5bdef\" data-element_type=\"widget\" data-e-type=\"widget\" data-widget_type=\"image-box.default\">\n\t\t\t\t<div class=\"elementor-widget-container\">\n\t\t\t\t\t<div class=\"elementor-image-box-wrapper\"><figure class=\"elementor-image-box-img\"><a href=\"https:\/\/whatafotografia.com\/eadh_toundra\" tabindex=\"-1\"><img fetchpriority=\"high\" decoding=\"async\" width=\"770\" height=\"720\" src=\"https:\/\/whatafotografia.com\/wp-content\/uploads\/2020\/09\/EADH_TOUNDRA-7-770x720.jpg\" class=\"elementor-animation-grow attachment-blacksilver-gridblock-square-big size-blacksilver-gridblock-square-big wp-image-1250\" alt=\"\" \/><\/a><\/figure><div class=\"elementor-image-box-content\"><h3 class=\"elementor-image-box-title\"><a href=\"https:\/\/whatafotografia.com\/eadh_toundra\">ESPACIO VIAS - EADH + TOUNDRA<\/a><\/h3><p class=\"elementor-image-box-description\">Concierto de Toundra y el Altar del Holocausto el 30 de Noviembre de 2019.<\/p><\/div><\/div>\t\t\t\t<\/div>\n\t\t\t\t<\/div>\n\t\t\t\t\t<\/div>\n\t\t<\/div>\n\t\t\t\t\t<\/div>\n\t\t<\/section>\n\t\t\t\t<\/div>\n\t\t","protected":false},"excerpt":{"rendered":"<p>Fotograf\u00eda de Conciertos Esta es otra de las disciplinas pendientes en mi agenda. He intentado adentrarme en ella, pero resulta bastante complicado en algunos casos acceder a recintos con una c\u00e1mara profesional, por lo que me he tenido que limitar a conciertos gratuitos o con autorizaci\u00f3n de la organizaci\u00f3n. Sin duda junta dos de mis pasiones, la fotograf\u00eda y la m\u00fasica. \u201cEl fot\u00f3grafo no puede ser un espectador pasivo, no puede ser realmente l\u00facido si no est\u00e1 implicado en el [&hellip;]<\/p>\n","protected":false},"author":1,"featured_media":0,"parent":0,"menu_order":0,"comment_status":"closed","ping_status":"closed","template":"","meta":{"rs_blank_template":"","rs_page_bg_color":"#ffffff","slide_template_v7":"","footnotes":""},"class_list":["post-2130","page","type-page","status-publish","hentry"],"_links":{"self":[{"href":"https:\/\/whatafotografia.com\/index.php?rest_route=\/wp\/v2\/pages\/2130","targetHints":{"allow":["GET"]}}],"collection":[{"href":"https:\/\/whatafotografia.com\/index.php?rest_route=\/wp\/v2\/pages"}],"about":[{"href":"https:\/\/whatafotografia.com\/index.php?rest_route=\/wp\/v2\/types\/page"}],"author":[{"embeddable":true,"href":"https:\/\/whatafotografia.com\/index.php?rest_route=\/wp\/v2\/users\/1"}],"replies":[{"embeddable":true,"href":"https:\/\/whatafotografia.com\/index.php?rest_route=%2Fwp%2Fv2%2Fcomments&post=2130"}],"version-history":[{"count":2,"href":"https:\/\/whatafotografia.com\/index.php?rest_route=\/wp\/v2\/pages\/2130\/revisions"}],"predecessor-version":[{"id":2139,"href":"https:\/\/whatafotografia.com\/index.php?rest_route=\/wp\/v2\/pages\/2130\/revisions\/2139"}],"wp:attachment":[{"href":"https:\/\/whatafotografia.com\/index.php?rest_route=%2Fwp%2Fv2%2Fmedia&parent=2130"}],"curies":[{"name":"wp","href":"https:\/\/api.w.org\/{rel}","templated":true}]}}