{"id":2128,"date":"2022-10-03T10:40:02","date_gmt":"2022-10-03T10:40:02","guid":{"rendered":"https:\/\/whatafotografia.com\/?page_id=2128"},"modified":"2022-10-23T11:24:11","modified_gmt":"2022-10-23T11:24:11","slug":"kmfel2022-adultos","status":"publish","type":"page","link":"https:\/\/whatafotografia.com\/?page_id=2128","title":{"rendered":"Seminario FEL 2022 &#8211; ADULTOS"},"content":{"rendered":"\t\t<div data-elementor-type=\"wp-page\" data-elementor-id=\"2128\" class=\"elementor elementor-2128\" data-elementor-post-type=\"page\">\n\t\t\t\t\t\t<section class=\"elementor-section elementor-top-section elementor-element elementor-element-13c0ac05 elementor-section-boxed elementor-section-height-default elementor-section-height-default\" data-id=\"13c0ac05\" data-element_type=\"section\" data-e-type=\"section\">\n\t\t\t\t\t\t<div class=\"elementor-container elementor-column-gap-default\">\n\t\t\t\t\t<div class=\"elementor-column elementor-col-100 elementor-top-column elementor-element elementor-element-1b47e1ab\" data-id=\"1b47e1ab\" data-element_type=\"column\" data-e-type=\"column\">\n\t\t\t<div class=\"elementor-widget-wrap elementor-element-populated\">\n\t\t\t\t\t\t<div class=\"elementor-element elementor-element-0e0354e elementor-countdown--label-block elementor-widget elementor-widget-countdown\" data-id=\"0e0354e\" data-element_type=\"widget\" data-e-type=\"widget\" data-widget_type=\"countdown.default\">\n\t\t\t\t<div class=\"elementor-widget-container\">\n\t\t\t\t\t\t\t<div data-expire-actions=\"[{&quot;type&quot;:&quot;message&quot;}]\" class=\"elementor-countdown-wrapper\" data-date=\"1667225580\">\n\t\t\t<div class=\"elementor-countdown-item\"><span class=\"elementor-countdown-digits elementor-countdown-days\"><\/span> <span class=\"elementor-countdown-label\">Days<\/span><\/div><div class=\"elementor-countdown-item\"><span class=\"elementor-countdown-digits elementor-countdown-hours\"><\/span> <span class=\"elementor-countdown-label\">Hours<\/span><\/div><div class=\"elementor-countdown-item\"><span class=\"elementor-countdown-digits elementor-countdown-minutes\"><\/span> <span class=\"elementor-countdown-label\">Minutes<\/span><\/div><div class=\"elementor-countdown-item\"><span class=\"elementor-countdown-digits elementor-countdown-seconds\"><\/span> <span class=\"elementor-countdown-label\">Seconds<\/span><\/div>\t\t<\/div>\n\t\t\t\t\t\t<div class=\"elementor-countdown-expire--message\">\n\t\t\t\t\tEl tiempo para descargar las fotos ha expirado. Ponte en contacto conmigo si deseas este material.\t\t\t\t<\/div>\n\t\t\t\t\t\t\t\t<\/div>\n\t\t\t\t<\/div>\n\t\t\t\t<div class=\"elementor-element elementor-element-7ce9ffb3 elementor-widget elementor-widget-text-editor\" data-id=\"7ce9ffb3\" data-element_type=\"widget\" data-e-type=\"widget\" data-widget_type=\"text-editor.default\">\n\t\t\t\t<div class=\"elementor-widget-container\">\n\t\t\t\t\t\t\t\t\t<div class=\"sdm_download_item \"><div class=\"sdm_download_item_top\"><div class=\"sdm_download_thumbnail\"><\/div><div class=\"sdm_download_title\">Protegido: Fotograf\u00edas ADULTOS \u2013 Seminario FEL Espa\u00f1a 2022<\/div><\/div><div style=\"clear:both;\"><\/div><div class=\"sdm_download_description\"><p style=\"text-align: left\"><img fetchpriority=\"high\" decoding=\"async\" class=\"size-medium wp-image-2143 alignleft\" src=\"https:\/\/whatafotografia.com\/wp-content\/uploads\/2022\/10\/Cartel-2022-reducido-206x300.webp\" alt=\"\" width=\"206\" height=\"300\" srcset=\"https:\/\/whatafotografia.com\/wp-content\/uploads\/2022\/10\/Cartel-2022-reducido-206x300.webp 206w, https:\/\/whatafotografia.com\/wp-content\/uploads\/2022\/10\/Cartel-2022-reducido.webp 344w\" sizes=\"(max-width: 206px) 100vw, 206px\" \/>Descarga las fotograf\u00edas realizadas en el pasado evento de Krav Mag\u00e1 FEL Espa\u00f1a 2022. Fotograf\u00edas realizadas el <strong>s\u00e1bado 8<\/strong>\u00a0de <strong>10h a 14h<\/strong> y de <strong>16h a 19h<\/strong>.<\/p>\n<p style=\"text-align: left\">El evento es organizado por\u00a0<strong>Krav Mag\u00e1 FEL Espa\u00f1a<\/strong>\u00a0y avalado por la\u00a0<strong>Federaci\u00f3n Espa\u00f1ola de Lucha<\/strong>.<\/p>\n<\/div><div class=\"sdm_download_link\"><span class=\"sdm_download_button\"><span class=\"sdm_enter_password_label_text\">Introduce la contrase\u00f1a para descargar:<\/span><form action=\"https:\/\/whatafotografia.com\/?sdm_process_download=1&download_id=2115\" method=\"post\" id=\"sdm-pass-69fc844129336\" class=\"sdm-download-form\" target=\"_blank\"><input type=\"password\" name=\"pass_text\" class=\"sdm_pass_text\" value=\"\" \/> <span class=\"sdm-download-button\"><a href=\"#\" name=\"sdm_dl_pass_submit\" class=\"pass_sumbit sdm_pass_protected_download sdm_download_with_condition sdm_download green\">\u00a1Descarga ahora!<\/a><\/span><input type=\"hidden\" name=\"download_id\" value=\"2115\" \/><\/form><\/span><\/div><\/div><div class=\"sdm_clear_float\"><\/div>\n\n\n<h2 class=\"wp-block-heading\">V\u00eddeo de seminario FEL Espa\u00f1a 2019<\/h2>\n\n\n\n<figure class=\"wp-block-embed is-type-video is-provider-youtube wp-block-embed-youtube wp-embed-aspect-16-9 wp-has-aspect-ratio\"><div class=\"wp-block-embed__wrapper\">\n<iframe title=\"KRAV MAGA FEL ESPA\u00d1A | Seminario Nacional 2019\" width=\"960\" height=\"540\" src=\"https:\/\/www.youtube.com\/embed\/gFsPJcKKzwI?feature=oembed&enablejsapi=1&origin=https:\/\/whatafotografia.com\" frameborder=\"0\" allow=\"accelerometer; autoplay; clipboard-write; encrypted-media; gyroscope; picture-in-picture\" allowfullscreen><\/iframe>\n<\/div><\/figure>\n\t\t\t\t\t\t\t\t<\/div>\n\t\t\t\t<\/div>\n\t\t\t\t\t<\/div>\n\t\t<\/div>\n\t\t\t\t\t<\/div>\n\t\t<\/section>\n\t\t\t\t<\/div>\n\t\t","protected":false},"excerpt":{"rendered":"<p>V\u00eddeo de seminario FEL Espa\u00f1a 2019<\/p>\n","protected":false},"author":1,"featured_media":0,"parent":0,"menu_order":0,"comment_status":"closed","ping_status":"closed","template":"","meta":{"footnotes":""},"class_list":["post-2128","page","type-page","status-publish","hentry"],"_links":{"self":[{"href":"https:\/\/whatafotografia.com\/index.php?rest_route=\/wp\/v2\/pages\/2128","targetHints":{"allow":["GET"]}}],"collection":[{"href":"https:\/\/whatafotografia.com\/index.php?rest_route=\/wp\/v2\/pages"}],"about":[{"href":"https:\/\/whatafotografia.com\/index.php?rest_route=\/wp\/v2\/types\/page"}],"author":[{"embeddable":true,"href":"https:\/\/whatafotografia.com\/index.php?rest_route=\/wp\/v2\/users\/1"}],"replies":[{"embeddable":true,"href":"https:\/\/whatafotografia.com\/index.php?rest_route=%2Fwp%2Fv2%2Fcomments&post=2128"}],"version-history":[{"count":18,"href":"https:\/\/whatafotografia.com\/index.php?rest_route=\/wp\/v2\/pages\/2128\/revisions"}],"predecessor-version":[{"id":2230,"href":"https:\/\/whatafotografia.com\/index.php?rest_route=\/wp\/v2\/pages\/2128\/revisions\/2230"}],"wp:attachment":[{"href":"https:\/\/whatafotografia.com\/index.php?rest_route=%2Fwp%2Fv2%2Fmedia&parent=2128"}],"curies":[{"name":"wp","href":"https:\/\/api.w.org\/{rel}","templated":true}]}}