{"id":1310,"date":"2020-09-21T07:58:28","date_gmt":"2020-09-21T07:58:28","guid":{"rendered":"https:\/\/whatafotografia.com\/?page_id=1310"},"modified":"2020-09-21T16:57:50","modified_gmt":"2020-09-21T16:57:50","slug":"animales","status":"publish","type":"page","link":"https:\/\/whatafotografia.com\/?page_id=1310","title":{"rendered":"Animales"},"content":{"rendered":"\t\t<div data-elementor-type=\"wp-post\" data-elementor-id=\"1310\" class=\"elementor elementor-1310\" data-elementor-post-type=\"page\">\n\t\t\t\t\t\t<section class=\"elementor-section elementor-top-section elementor-element elementor-element-cb91c25 elementor-section-full_width elementor-section-height-default elementor-section-height-default\" data-id=\"cb91c25\" data-element_type=\"section\" data-e-type=\"section\">\n\t\t\t\t\t\t<div class=\"elementor-container elementor-column-gap-default\">\n\t\t\t\t\t<div class=\"elementor-column elementor-col-100 elementor-top-column elementor-element elementor-element-6eba3a7\" data-id=\"6eba3a7\" data-element_type=\"column\" data-e-type=\"column\">\n\t\t\t<div class=\"elementor-widget-wrap elementor-element-populated\">\n\t\t\t\t\t\t<div class=\"elementor-element elementor-element-566678e elementor-widget elementor-widget-split-headlines\" data-id=\"566678e\" data-element_type=\"widget\" data-e-type=\"widget\" data-widget_type=\"split-headlines.default\">\n\t\t\t\t<div class=\"elementor-widget-container\">\n\t\t\t\t\t<div class=\"multi-headlines-outer\"><div class=\"multi-headlines-wrap\"><div class=\"multi-headlines\"><h2 style=\"text-align: left;\">Fotograf\u00eda de Animales<\/h2> <\/div><\/div><\/div>\t\t\t\t<\/div>\n\t\t\t\t<\/div>\n\t\t\t\t<div class=\"elementor-element elementor-element-ab26c9a elementor-widget__width-initial elementor-widget elementor-widget-text-editor\" data-id=\"ab26c9a\" data-element_type=\"widget\" data-e-type=\"widget\" data-widget_type=\"text-editor.default\">\n\t\t\t\t<div class=\"elementor-widget-container\">\n\t\t\t\t\t\t\t\t\t<p>Me encantan los animales, por eso intento fotografiarlos si tengo ocasi\u00f3n. No es una de mis especialidades, por lo que no tengo mucha idea de ello, pero me gustar\u00eda alg\u00fan d\u00eda sacar tiempo para poder dedicarlo a esta disciplina y traer mejores fotos.<\/p><p>Esta es una peque\u00f1a muestra de lo que he ido fotografiando con los a\u00f1os.<\/p><blockquote><p><strong>\u00abTienes que pedirte m\u00e1s a ti mismo. Tienes que empezar a buscar fotograf\u00edas que nadie m\u00e1s pueda hacer. Tienes que coger tus herramientas e ir m\u00e1s all\u00e1.\u00bb William Albert Allard.<\/strong><\/p><\/blockquote>\t\t\t\t\t\t\t\t<\/div>\n\t\t\t\t<\/div>\n\t\t\t\t\t<\/div>\n\t\t<\/div>\n\t\t\t\t\t<\/div>\n\t\t<\/section>\n\t\t\t\t<section class=\"elementor-section elementor-top-section elementor-element elementor-element-faf11cc elementor-section-full_width elementor-section-height-default elementor-section-height-default\" data-id=\"faf11cc\" data-element_type=\"section\" data-e-type=\"section\">\n\t\t\t\t\t\t<div class=\"elementor-container elementor-column-gap-no\">\n\t\t\t\t\t<div class=\"elementor-column elementor-col-100 elementor-top-column elementor-element elementor-element-a357fc6\" data-id=\"a357fc6\" data-element_type=\"column\" data-e-type=\"column\">\n\t\t\t<div class=\"elementor-widget-wrap elementor-element-populated\">\n\t\t\t\t\t\t<div class=\"elementor-element elementor-element-08fbfbf elementor-widget elementor-widget-thumbnails-grid\" data-id=\"08fbfbf\" data-element_type=\"widget\" data-e-type=\"widget\" data-widget_type=\"thumbnails-grid.default\">\n\t\t\t\t<div class=\"elementor-widget-container\">\n\t\t\t\t\t<div class=\"thumbnails-shortcode gridblock-columns-wrap grid-style-wall-grid-wrap clearfix\"><div class=\"thumbnails-grid-container lightgallery-container grid-style-wall-grid thumbnail-gutter-nospace gridblock-masonary  relayout-on-image-load thumnails-gutter-active  no-title-no-desc boxtitle-active gridblock-three  has-effect-zoom\"  data-columns=\"3\"><div class=\"gridblock-element  grid-animate-display-all isotope-displayed gridblock-thumbnail-id-1205 gridblock-col-1\"><div class=\"gridblock-ajax gridblock-grid-element gridblock-element-inner\" data-rel=\"1310\"><div class=\"gridblock-background-hover\"><a data-elementor-open-lightbox=\"no\" data-exthumbimage=\"https:\/\/whatafotografia.com\/wp-content\/uploads\/2020\/09\/20181230_MG_8169-160x160.jpg\" class=\"lightbox-active lightbox-image gridblock-sole-link\" data-sub-html=\"&lt;div class=&quot;lightbox-text-wrap &quot;&gt;&lt;\/div&gt;\" href=\"https:\/\/whatafotografia.com\/wp-content\/uploads\/2020\/09\/20181230_MG_8169.jpg\" data-src=\"https:\/\/whatafotografia.com\/wp-content\/uploads\/2020\/09\/20181230_MG_8169.jpg\"><div class=\"gridblock-links-wrap\"><span class=\"column-gridblock-icon\"><span class=\"hover-icon-effect\"><i class=\"ion-ios-search\"><\/i><\/span><\/span><\/div><\/a><\/div><img decoding=\"async\" class=\"preload-image lazyload displayed-image\" src=\"https:\/\/whatafotografia.com\/wp-content\/themes\/blacksilver\/images\/placeholders\/placeholder-770x550.gif\" data-src=\"https:\/\/whatafotografia.com\/wp-content\/uploads\/2020\/09\/20181230_MG_8169-800x533.jpg\" alt=\"\"><\/div><\/div><div class=\"gridblock-element  grid-animate-display-all isotope-displayed gridblock-thumbnail-id-1151 gridblock-col-2\"><div class=\"gridblock-ajax gridblock-grid-element gridblock-element-inner\" data-rel=\"1310\"><div class=\"gridblock-background-hover\"><a data-elementor-open-lightbox=\"no\" data-exthumbimage=\"https:\/\/whatafotografia.com\/wp-content\/uploads\/2020\/09\/ISO100-1-2500-f2.8-160x160.jpg\" class=\"lightbox-active lightbox-image gridblock-sole-link\" data-sub-html=\"&lt;div class=&quot;lightbox-text-wrap &quot;&gt;&lt;\/div&gt;\" href=\"https:\/\/whatafotografia.com\/wp-content\/uploads\/2020\/09\/ISO100-1-2500-f2.8.jpg\" data-src=\"https:\/\/whatafotografia.com\/wp-content\/uploads\/2020\/09\/ISO100-1-2500-f2.8.jpg\"><div class=\"gridblock-links-wrap\"><span class=\"column-gridblock-icon\"><span class=\"hover-icon-effect\"><i class=\"ion-ios-search\"><\/i><\/span><\/span><\/div><\/a><\/div><img decoding=\"async\" class=\"preload-image lazyload displayed-image\" src=\"https:\/\/whatafotografia.com\/wp-content\/themes\/blacksilver\/images\/placeholders\/placeholder-770x550.gif\" data-src=\"https:\/\/whatafotografia.com\/wp-content\/uploads\/2020\/09\/ISO100-1-2500-f2.8-800x533.jpg\" alt=\"\"><\/div><\/div><div class=\"gridblock-element  grid-animate-display-all isotope-displayed gridblock-thumbnail-id-1201 gridblock-col-3\"><div class=\"gridblock-ajax gridblock-grid-element gridblock-element-inner\" data-rel=\"1310\"><div class=\"gridblock-background-hover\"><a data-elementor-open-lightbox=\"no\" data-exthumbimage=\"https:\/\/whatafotografia.com\/wp-content\/uploads\/2020\/09\/Buitres-1-4000-2.8-iso100-160x160.jpg\" class=\"lightbox-active lightbox-image gridblock-sole-link\" data-sub-html=\"&lt;div class=&quot;lightbox-text-wrap &quot;&gt;&lt;\/div&gt;\" href=\"https:\/\/whatafotografia.com\/wp-content\/uploads\/2020\/09\/Buitres-1-4000-2.8-iso100.jpg\" data-src=\"https:\/\/whatafotografia.com\/wp-content\/uploads\/2020\/09\/Buitres-1-4000-2.8-iso100.jpg\"><div class=\"gridblock-links-wrap\"><span class=\"column-gridblock-icon\"><span class=\"hover-icon-effect\"><i class=\"ion-ios-search\"><\/i><\/span><\/span><\/div><\/a><\/div><img decoding=\"async\" class=\"preload-image lazyload displayed-image\" src=\"https:\/\/whatafotografia.com\/wp-content\/themes\/blacksilver\/images\/placeholders\/placeholder-770x550.gif\" data-src=\"https:\/\/whatafotografia.com\/wp-content\/uploads\/2020\/09\/Buitres-1-4000-2.8-iso100-800x418.jpg\" alt=\"\"><\/div><\/div><div class=\"gridblock-element  grid-animate-display-all isotope-displayed gridblock-thumbnail-id-1200 gridblock-col-1\"><div class=\"gridblock-ajax gridblock-grid-element gridblock-element-inner\" data-rel=\"1310\"><div class=\"gridblock-background-hover\"><a data-elementor-open-lightbox=\"no\" data-exthumbimage=\"https:\/\/whatafotografia.com\/wp-content\/uploads\/2020\/09\/Cabras-1-3200-f2.8-iso400-160x160.jpg\" class=\"lightbox-active lightbox-image gridblock-sole-link\" data-sub-html=\"&lt;div class=&quot;lightbox-text-wrap &quot;&gt;&lt;\/div&gt;\" href=\"https:\/\/whatafotografia.com\/wp-content\/uploads\/2020\/09\/Cabras-1-3200-f2.8-iso400.jpg\" data-src=\"https:\/\/whatafotografia.com\/wp-content\/uploads\/2020\/09\/Cabras-1-3200-f2.8-iso400.jpg\"><div class=\"gridblock-links-wrap\"><span class=\"column-gridblock-icon\"><span class=\"hover-icon-effect\"><i class=\"ion-ios-search\"><\/i><\/span><\/span><\/div><\/a><\/div><img decoding=\"async\" class=\"preload-image lazyload displayed-image\" src=\"https:\/\/whatafotografia.com\/wp-content\/themes\/blacksilver\/images\/placeholders\/placeholder-770x550.gif\" data-src=\"https:\/\/whatafotografia.com\/wp-content\/uploads\/2020\/09\/Cabras-1-3200-f2.8-iso400-800x418.jpg\" alt=\"\"><\/div><\/div><div class=\"gridblock-element  grid-animate-display-all isotope-displayed gridblock-thumbnail-id-1219 gridblock-col-2\"><div class=\"gridblock-ajax gridblock-grid-element gridblock-element-inner\" data-rel=\"1310\"><div class=\"gridblock-background-hover\"><a data-elementor-open-lightbox=\"no\" data-exthumbimage=\"https:\/\/whatafotografia.com\/wp-content\/uploads\/2020\/09\/20180602_CASARES_596-Editar-160x160.jpg\" class=\"lightbox-active lightbox-image gridblock-sole-link\" data-sub-html=\"&lt;div class=&quot;lightbox-text-wrap &quot;&gt;&lt;\/div&gt;\" href=\"https:\/\/whatafotografia.com\/wp-content\/uploads\/2020\/09\/20180602_CASARES_596-Editar.jpg\" data-src=\"https:\/\/whatafotografia.com\/wp-content\/uploads\/2020\/09\/20180602_CASARES_596-Editar.jpg\"><div class=\"gridblock-links-wrap\"><span class=\"column-gridblock-icon\"><span class=\"hover-icon-effect\"><i class=\"ion-ios-search\"><\/i><\/span><\/span><\/div><\/a><\/div><img decoding=\"async\" class=\"preload-image lazyload displayed-image\" src=\"https:\/\/whatafotografia.com\/wp-content\/themes\/blacksilver\/images\/placeholders\/placeholder-770x550.gif\" data-src=\"https:\/\/whatafotografia.com\/wp-content\/uploads\/2020\/09\/20180602_CASARES_596-Editar-800x500.jpg\" alt=\"\"><\/div><\/div><\/div><\/div>\t\t\t\t<\/div>\n\t\t\t\t<\/div>\n\t\t\t\t\t<\/div>\n\t\t<\/div>\n\t\t\t\t\t<\/div>\n\t\t<\/section>\n\t\t\t\t<section class=\"elementor-section elementor-top-section elementor-element elementor-element-a54d6d5 elementor-section-boxed elementor-section-height-default elementor-section-height-default\" data-id=\"a54d6d5\" data-element_type=\"section\" data-e-type=\"section\">\n\t\t\t\t\t\t<div class=\"elementor-container elementor-column-gap-default\">\n\t\t\t\t\t<div class=\"elementor-column elementor-col-100 elementor-top-column elementor-element elementor-element-23fc945\" data-id=\"23fc945\" data-element_type=\"column\" data-e-type=\"column\">\n\t\t\t<div class=\"elementor-widget-wrap\">\n\t\t\t\t\t\t\t<\/div>\n\t\t<\/div>\n\t\t\t\t\t<\/div>\n\t\t<\/section>\n\t\t\t\t<\/div>\n\t\t","protected":false},"excerpt":{"rendered":"<p>Fotograf\u00eda de Animales Me encantan los animales, por eso intento fotografiarlos si tengo ocasi\u00f3n. No es una de mis especialidades, por lo que no tengo mucha idea de ello, pero me gustar\u00eda alg\u00fan d\u00eda sacar tiempo para poder dedicarlo a esta disciplina y traer mejores fotos. Esta es una peque\u00f1a muestra de lo que he ido fotografiando con los a\u00f1os. \u00abTienes que pedirte m\u00e1s a ti mismo. Tienes que empezar a buscar fotograf\u00edas que nadie m\u00e1s pueda hacer. Tienes que [&hellip;]<\/p>\n","protected":false},"author":1,"featured_media":0,"parent":0,"menu_order":0,"comment_status":"closed","ping_status":"closed","template":"","meta":{"footnotes":""},"class_list":["post-1310","page","type-page","status-publish","hentry"],"_links":{"self":[{"href":"https:\/\/whatafotografia.com\/index.php?rest_route=\/wp\/v2\/pages\/1310","targetHints":{"allow":["GET"]}}],"collection":[{"href":"https:\/\/whatafotografia.com\/index.php?rest_route=\/wp\/v2\/pages"}],"about":[{"href":"https:\/\/whatafotografia.com\/index.php?rest_route=\/wp\/v2\/types\/page"}],"author":[{"embeddable":true,"href":"https:\/\/whatafotografia.com\/index.php?rest_route=\/wp\/v2\/users\/1"}],"replies":[{"embeddable":true,"href":"https:\/\/whatafotografia.com\/index.php?rest_route=%2Fwp%2Fv2%2Fcomments&post=1310"}],"version-history":[{"count":7,"href":"https:\/\/whatafotografia.com\/index.php?rest_route=\/wp\/v2\/pages\/1310\/revisions"}],"predecessor-version":[{"id":1363,"href":"https:\/\/whatafotografia.com\/index.php?rest_route=\/wp\/v2\/pages\/1310\/revisions\/1363"}],"wp:attachment":[{"href":"https:\/\/whatafotografia.com\/index.php?rest_route=%2Fwp%2Fv2%2Fmedia&parent=1310"}],"curies":[{"name":"wp","href":"https:\/\/api.w.org\/{rel}","templated":true}]}}