{"id":1025,"date":"2019-06-09T16:01:48","date_gmt":"2019-06-09T16:01:48","guid":{"rendered":"http:\/\/blacksilver-venus.imaginem.co\/?page_id=5"},"modified":"2025-12-11T08:07:31","modified_gmt":"2025-12-11T08:07:31","slug":"sobre-mi","status":"publish","type":"page","link":"https:\/\/whatafotografia.com\/?page_id=1025","title":{"rendered":"Sobre m\u00ed"},"content":{"rendered":"\t\t<div data-elementor-type=\"wp-post\" data-elementor-id=\"1025\" class=\"elementor elementor-1025\" data-elementor-post-type=\"page\">\n\t\t\t\t\t\t<section class=\"elementor-section elementor-top-section elementor-element elementor-element-7ab45f72 elementor-section-boxed elementor-section-height-default elementor-section-height-default\" data-id=\"7ab45f72\" data-element_type=\"section\" data-e-type=\"section\" data-settings=\"{&quot;background_background&quot;:&quot;classic&quot;,&quot;background_motion_fx_motion_fx_scrolling&quot;:&quot;yes&quot;,&quot;background_motion_fx_translateY_effect&quot;:&quot;yes&quot;,&quot;background_motion_fx_translateY_speed&quot;:{&quot;unit&quot;:&quot;px&quot;,&quot;size&quot;:4,&quot;sizes&quot;:[]},&quot;background_motion_fx_translateY_affectedRange&quot;:{&quot;unit&quot;:&quot;%&quot;,&quot;size&quot;:&quot;&quot;,&quot;sizes&quot;:{&quot;start&quot;:0,&quot;end&quot;:100}},&quot;background_motion_fx_devices&quot;:[&quot;desktop&quot;,&quot;tablet&quot;,&quot;mobile&quot;]}\">\n\t\t\t\t\t\t\t<div class=\"elementor-background-overlay\"><\/div>\n\t\t\t\t\t\t\t<div class=\"elementor-container elementor-column-gap-default\">\n\t\t\t\t\t<div class=\"elementor-column elementor-col-100 elementor-top-column elementor-element elementor-element-29a16e89\" data-id=\"29a16e89\" data-element_type=\"column\" data-e-type=\"column\">\n\t\t\t<div class=\"elementor-widget-wrap elementor-element-populated\">\n\t\t\t\t\t\t<div class=\"elementor-element elementor-element-61bce2ee section-align-left section-size-large subtitle-style-default elementor-widget elementor-widget-section-heading\" data-id=\"61bce2ee\" data-element_type=\"widget\" data-e-type=\"widget\" data-widget_type=\"section-heading.default\">\n\t\t\t\t<div class=\"elementor-widget-container\">\n\t\t\t\t\t<div class=\"section-heading headingstyle-subtitle\"><h5 class=\"entry-sub-title section-sub-title\">Sobre mi<\/h5><div class=\"section-title-wrapper\"><h2 class=\"entry-title section-title\">Mi historia<\/h2><\/div><div class=\"section-description clearfix\"><div class=\"section-description-inner\"><p data-start=\"415\" data-end=\"740\">Si has llegado hasta aqu\u00ed, supongo que querr\u00e1s saber algo m\u00e1s sobre m\u00ed.<br data-start=\"486\" data-end=\"489\" \/>Me presento: soy <span style=\"color: #33cccc;\"><strong data-start=\"506\" data-end=\"522\">Oliver Rubio<\/strong><\/span>, aunque todos me conocen como <span style=\"color: #33cccc;\"><strong data-start=\"553\" data-end=\"562\">Whata<\/strong><\/span>. Fot\u00f3grafo amateur y apasionado de los paisajes, la noche y la luz. Desde hace a\u00f1os dedico mi tiempo libre a intentar capturar esos momentos m\u00e1gicos que nos regala el d\u00eda a d\u00eda.<\/p>\n<p data-start=\"742\" data-end=\"1283\">No recuerdo exactamente cu\u00e1ndo empec\u00e9 a hacer fotos, pero s\u00ed la primera vez que compart\u00ed una: all\u00e1 por <span style=\"color: #33cccc;\"><strong data-start=\"845\" data-end=\"853\">2010<\/strong> <\/span>publiqu\u00e9 una imagen que hoy miro con cari\u00f1o y un poco de verg\u00fcenza. Desde entonces han cambiado muchas cosas: el equipo, las experiencias y los amigos con los que me pierdo por monta\u00f1as, bosques y noches despejadas.<br data-start=\"1069\" data-end=\"1072\" \/>Lo que no ha cambiado son mis ganas de seguir aprendiendo, mejorando y explorando. Cada vez que puedo invierto en talleres, formaciones y nuevas aventuras que me ayudan a crecer tanto t\u00e9cnica como creativamente.<\/p>\n<p data-start=\"1285\" data-end=\"1633\">Aunque esta web naci\u00f3 simplemente para compartir mi trabajo, con el tiempo tambi\u00e9n se ha convertido en un espacio donde algunas personas encuentran inspiraci\u00f3n o buscan aprender conmigo. Si te gustar\u00eda <span style=\"text-decoration: underline;\"><strong data-start=\"1487\" data-end=\"1525\">adquirir alguna de mis fotograf\u00edas<\/strong>, <strong data-start=\"1527\" data-end=\"1562\">contar conmigo para un proyecto<\/strong> o incluso <strong data-start=\"1573\" data-end=\"1602\">recibir una clase privada<\/strong><\/span>, estar\u00e9 encantado de ayudarte.<\/p>\n<p data-start=\"1635\" data-end=\"1717\">Por ahora, solo si\u00e9ntate, respira y disfruta conmigo de esta apasionante aventura.<\/p>\n<\/div><\/div><\/div>\t\t\t\t<\/div>\n\t\t\t\t<\/div>\n\t\t\t\t<div class=\"elementor-element elementor-element-59d29c3d elementor-widget elementor-widget-image\" data-id=\"59d29c3d\" data-element_type=\"widget\" data-e-type=\"widget\" data-widget_type=\"image.default\">\n\t\t\t\t<div class=\"elementor-widget-container\">\n\t\t\t\t\t\t\t\t\t\t\t\t\t\t\t<img fetchpriority=\"high\" decoding=\"async\" width=\"960\" height=\"361\" src=\"https:\/\/whatafotografia.com\/wp-content\/uploads\/2022\/07\/whata-blanco-PNG-1024x385.png\" class=\"attachment-large size-large wp-image-2054\" alt=\"\" srcset=\"https:\/\/whatafotografia.com\/wp-content\/uploads\/2022\/07\/whata-blanco-PNG-1024x385.png 1024w, https:\/\/whatafotografia.com\/wp-content\/uploads\/2022\/07\/whata-blanco-PNG-300x113.webp 300w, https:\/\/whatafotografia.com\/wp-content\/uploads\/2022\/07\/whata-blanco-PNG-768x289.png 768w, https:\/\/whatafotografia.com\/wp-content\/uploads\/2022\/07\/whata-blanco-PNG-1400x526.png 1400w, https:\/\/whatafotografia.com\/wp-content\/uploads\/2022\/07\/whata-blanco-PNG-800x301.png 800w, https:\/\/whatafotografia.com\/wp-content\/uploads\/2022\/07\/whata-blanco-PNG.png 1453w\" sizes=\"(max-width: 960px) 100vw, 960px\" \/>\t\t\t\t\t\t\t\t\t\t\t\t\t\t\t<\/div>\n\t\t\t\t<\/div>\n\t\t\t\t\t<\/div>\n\t\t<\/div>\n\t\t\t\t\t<\/div>\n\t\t<\/section>\n\t\t\t\t<section class=\"elementor-section elementor-top-section elementor-element elementor-element-2a06eab9 elementor-section-boxed elementor-section-height-default elementor-section-height-default\" data-id=\"2a06eab9\" data-element_type=\"section\" data-e-type=\"section\" data-settings=\"{&quot;background_background&quot;:&quot;classic&quot;}\">\n\t\t\t\t\t\t<div class=\"elementor-container elementor-column-gap-wider\">\n\t\t\t\t\t<div class=\"elementor-column elementor-col-33 elementor-top-column elementor-element elementor-element-501b0c80\" data-id=\"501b0c80\" data-element_type=\"column\" data-e-type=\"column\">\n\t\t\t<div class=\"elementor-widget-wrap elementor-element-populated\">\n\t\t\t\t\t\t<div class=\"elementor-element elementor-element-2bfd9889 service-box-view-default elementor-invisible elementor-widget elementor-widget-service-box\" data-id=\"2bfd9889\" data-element_type=\"widget\" data-e-type=\"widget\" data-settings=\"{&quot;_animation&quot;:&quot;fadeIn&quot;}\" data-widget_type=\"service-box.default\">\n\t\t\t\t<div class=\"elementor-widget-container\">\n\t\t\t\t\t<div class=\"service-column none service-column-1 service-boxes-icon-with-title true alignicon-top alignicon-top-horizontal serviceboxes-horizontal clearfix\"> <div class=\"service-item none service-item-space\"><div class=\"service-item-inner service-icon-size-small\"><div class=\"service-icon\"><span class=\"icon-outer\"><i class=\"fontawesome in-circle fa-2x fa fa-camera\"><\/i><\/span><\/div><div class=\"service-content\"><h4>Actualmente utilizo el siguiente equipo<\/h4><div class=\"service-details\"><p> Canon 6D (Astromod)<br \/>\nCanon EOS R<br \/>\nSamyang 14mm f\/2.8 IF ED UMC<br \/>\nSamyang 24mm f\/1.4 IF ED UMC<br \/>\nSamyang 35mm f\/1.4 IF ED UMC<br \/>\nTamron SP 24-70mm F\/2.8 Di VC USD<br \/>\nTamron SP 70-200mm F\/2.8 Di VC USD<br \/>\nTamron SP 150-600mm F\/5-6.3 Di VC G2<\/p>\n<\/div><\/div><\/div><\/div> <\/div>\t\t\t\t<\/div>\n\t\t\t\t<\/div>\n\t\t\t\t\t<\/div>\n\t\t<\/div>\n\t\t\t\t<div class=\"elementor-column elementor-col-33 elementor-top-column elementor-element elementor-element-78607b52\" data-id=\"78607b52\" data-element_type=\"column\" data-e-type=\"column\">\n\t\t\t<div class=\"elementor-widget-wrap elementor-element-populated\">\n\t\t\t\t\t\t<div class=\"elementor-element elementor-element-3ef2b652 service-box-view-default elementor-invisible elementor-widget elementor-widget-service-box\" data-id=\"3ef2b652\" data-element_type=\"widget\" data-e-type=\"widget\" data-settings=\"{&quot;_animation&quot;:&quot;fadeIn&quot;,&quot;_animation_delay&quot;:200}\" data-widget_type=\"service-box.default\">\n\t\t\t\t<div class=\"elementor-widget-container\">\n\t\t\t\t\t<div class=\"service-column none service-column-1 service-boxes-icon-with-title true alignicon-top alignicon-top-horizontal serviceboxes-horizontal clearfix\"> <div class=\"service-item none service-item-space\"><div class=\"service-item-inner service-icon-size-small\"><div class=\"service-icon\"><span class=\"icon-outer\"><i class=\"fontawesome in-circle fa-2x fa fa-clone\"><\/i><\/span><\/div><div class=\"service-content\"><h4>Filtros<\/h4><div class=\"service-details\"><p> Portafiltros Kase K9 100 mm + Polarizador<br \/>\nHaida Nd Filter 1.8 100X100 (6 Pasos)<br \/>\nHaida Nd Filter 3.0 100X100 (10 Pasos)<br \/>\nHaida Gnd Filter 0.9 100X150 (3 Pasos)<br \/>\nHitech Rgnd Filter 0.9 100X150 (3 Pasos)<\/p>\n<\/div><\/div><\/div><\/div> <\/div>\t\t\t\t<\/div>\n\t\t\t\t<\/div>\n\t\t\t\t\t<\/div>\n\t\t<\/div>\n\t\t\t\t<div class=\"elementor-column elementor-col-33 elementor-top-column elementor-element elementor-element-338bd1e4\" data-id=\"338bd1e4\" data-element_type=\"column\" data-e-type=\"column\">\n\t\t\t<div class=\"elementor-widget-wrap elementor-element-populated\">\n\t\t\t\t\t\t<div class=\"elementor-element elementor-element-74607319 service-box-view-default elementor-invisible elementor-widget elementor-widget-service-box\" data-id=\"74607319\" data-element_type=\"widget\" data-e-type=\"widget\" data-settings=\"{&quot;_animation&quot;:&quot;fadeIn&quot;,&quot;_animation_delay&quot;:100}\" data-widget_type=\"service-box.default\">\n\t\t\t\t<div class=\"elementor-widget-container\">\n\t\t\t\t\t<div class=\"service-column none service-column-1 service-boxes-icon-with-title true alignicon-top alignicon-top-horizontal serviceboxes-horizontal clearfix\"> <div class=\"service-item none service-item-space\"><div class=\"service-item-inner service-icon-size-small\"><div class=\"service-icon\"><span class=\"icon-outer\"><i class=\"fontawesome in-circle fa-2x ion-ios-monitor-outline\"><\/i><\/span><\/div><div class=\"service-content\"><h4>Otros<\/h4><div class=\"service-details\"><p> f-stop Tilopa 50L<br \/>\nLowepro Flipside 400 AW<br \/>\nVanguard Alta+ 263AGH<br \/>\nLowepro Filter Pouch 100<br \/>\nMaglite 3d+Maglite Mini<br \/>\nRyu's lightworks v.2<br \/>\nFenix FD41 <\/p>\n<\/div><\/div><\/div><\/div> <\/div>\t\t\t\t<\/div>\n\t\t\t\t<\/div>\n\t\t\t\t\t<\/div>\n\t\t<\/div>\n\t\t\t\t\t<\/div>\n\t\t<\/section>\n\t\t\t\t<section class=\"elementor-section elementor-top-section elementor-element elementor-element-49ec7a5 elementor-section-full_width elementor-section-height-default elementor-section-height-default\" data-id=\"49ec7a5\" data-element_type=\"section\" data-e-type=\"section\">\n\t\t\t\t\t\t<div class=\"elementor-container elementor-column-gap-no\">\n\t\t\t\t\t<div class=\"elementor-column elementor-col-100 elementor-top-column elementor-element elementor-element-49c13a24\" data-id=\"49c13a24\" data-element_type=\"column\" data-e-type=\"column\">\n\t\t\t<div class=\"elementor-widget-wrap elementor-element-populated\">\n\t\t\t\t\t\t<div class=\"elementor-element elementor-element-6199f903 carousel-arrow-shape-circle carousel-dots-no elementor-widget elementor-widget-slideshow-carousel\" data-id=\"6199f903\" data-element_type=\"widget\" data-e-type=\"widget\" data-widget_type=\"slideshow-carousel.default\">\n\t\t\t\t<div class=\"elementor-widget-container\">\n\t\t\t\t\t<div class=\"gridblock-owlcarousel-wrap clearfix\"><div id=\"1025-69f2815a4849e\" class=\"owl-carousel owl-slideshow-element owl-carousel-detect owl-carousel-type-flatcarousel\" data-autoplaytimeout=\"5000\" data-smartspeed=\"1000\" data-id=\"1025-69f2815a4849e\" data-autoplay=\"true\" data-lazyload=\"true\" data-type=\"flatcarousel\"><div class=\"gridblock-slideshow-element\"><img data-src=\"https:\/\/whatafotografia.com\/wp-content\/uploads\/2020\/09\/ISO400-1-8s-f8.jpg\" alt=\"\" class=\"owl-lazy lazyload\"\/><\/div><div class=\"gridblock-slideshow-element\"><img data-src=\"https:\/\/whatafotografia.com\/wp-content\/uploads\/2020\/09\/ISO400-10s-f4.jpg\" alt=\"\" class=\"owl-lazy lazyload\"\/><\/div><div class=\"gridblock-slideshow-element\"><img data-src=\"https:\/\/whatafotografia.com\/wp-content\/uploads\/2020\/09\/ISO1600-20s-2.8.jpg\" alt=\"\" class=\"owl-lazy lazyload\"\/><\/div><div class=\"gridblock-slideshow-element\"><img data-src=\"https:\/\/whatafotografia.com\/wp-content\/uploads\/2020\/09\/ISO100-1-250-f10-1.jpg\" alt=\"\" class=\"owl-lazy lazyload\"\/><\/div><\/div><\/div>\t\t\t\t<\/div>\n\t\t\t\t<\/div>\n\t\t\t\t\t<\/div>\n\t\t<\/div>\n\t\t\t\t\t<\/div>\n\t\t<\/section>\n\t\t\t\t<\/div>\n\t\t","protected":false},"excerpt":{"rendered":"<p>Sobre mi Mi historia Si has llegado hasta aqu\u00ed, supongo que querr\u00e1s saber algo m\u00e1s sobre m\u00ed.Me presento: soy Oliver Rubio, aunque todos me conocen como Whata. Fot\u00f3grafo amateur y apasionado de los paisajes, la noche y la luz. Desde hace a\u00f1os dedico mi tiempo libre a intentar capturar esos momentos m\u00e1gicos que nos regala el d\u00eda a d\u00eda. No recuerdo exactamente cu\u00e1ndo empec\u00e9 a hacer fotos, pero s\u00ed la primera vez que compart\u00ed una: all\u00e1 por 2010 publiqu\u00e9 una [&hellip;]<\/p>\n","protected":false},"author":1,"featured_media":0,"parent":0,"menu_order":0,"comment_status":"closed","ping_status":"closed","template":"","meta":{"footnotes":""},"class_list":["post-1025","page","type-page","status-publish","hentry"],"_links":{"self":[{"href":"https:\/\/whatafotografia.com\/index.php?rest_route=\/wp\/v2\/pages\/1025","targetHints":{"allow":["GET"]}}],"collection":[{"href":"https:\/\/whatafotografia.com\/index.php?rest_route=\/wp\/v2\/pages"}],"about":[{"href":"https:\/\/whatafotografia.com\/index.php?rest_route=\/wp\/v2\/types\/page"}],"author":[{"embeddable":true,"href":"https:\/\/whatafotografia.com\/index.php?rest_route=\/wp\/v2\/users\/1"}],"replies":[{"embeddable":true,"href":"https:\/\/whatafotografia.com\/index.php?rest_route=%2Fwp%2Fv2%2Fcomments&post=1025"}],"version-history":[{"count":96,"href":"https:\/\/whatafotografia.com\/index.php?rest_route=\/wp\/v2\/pages\/1025\/revisions"}],"predecessor-version":[{"id":2353,"href":"https:\/\/whatafotografia.com\/index.php?rest_route=\/wp\/v2\/pages\/1025\/revisions\/2353"}],"wp:attachment":[{"href":"https:\/\/whatafotografia.com\/index.php?rest_route=%2Fwp%2Fv2%2Fmedia&parent=1025"}],"curies":[{"name":"wp","href":"https:\/\/api.w.org\/{rel}","templated":true}]}}